{"id":53,"date":"2025-09-19T17:33:58","date_gmt":"2025-09-19T15:33:58","guid":{"rendered":"http:\/\/bieg_dzielnicy_wlochy.time-sport.pl\/?page_id=53"},"modified":"2025-09-19T17:57:58","modified_gmt":"2025-09-19T15:57:58","slug":"homepage","status":"publish","type":"page","link":"http:\/\/bieg_dzielnicy_wlochy.time-sport.pl\/","title":{"rendered":"Homepage"},"content":{"rendered":"\n<h2 class=\"wp-block-heading has-text-align-center\"><strong><strong>Bieg &#8222;5 MIL. Bieg Dzielnicy W\u0142ochy&#8221; wystartuje ju\u017c 19 pa\u017adziernika!<\/strong><\/strong><\/h2>\n\n\n<p><span style=\"font-weight: 400;\"><span style=\"text-decoration: underline;\">Rada i Zarz\u0105d Dzielnicy W\u0142ochy<\/span> zapraszaj\u0105 na <\/span><b>bieg \u201e5 MIL. Bieg Dzielnicy W\u0142ochy\u201d, <\/b><span style=\"font-weight: 400;\">kt\u00f3ry odb\u0119dzie si\u0119 <\/span><b>19 pa\u017adziernika 2025.<\/b><\/p>\n<p><span style=\"font-weight: 400;\">Ju\u017c po raz 5 pi\u0105ty uczestnicy wystartuj\u0105 na nietypowym, 5-milowym dystansie, (ok. 8 kilometr\u00f3w), pokonuj\u0105c liczne zakr\u0119ty tej niezwykle charakterystycznej trasy. Start biegu zaplanowany jest przy Urz\u0119dzie Dzielnicy W\u0142ochy, a meta znajdzie si\u0119 ponownie w Parku Ogrody Kosmosu. <\/span><\/p>\n<p style=\"text-align: center;\"><strong>NOWO\u015a\u0106! <\/strong><\/p>\n<p><span style=\"font-weight: 400;\">W tym roku zapraszamy r\u00f3wnie\u017c do udzia\u0142u w marszu na dystansie 2 mil.\u00a0\u00a0<\/span><\/p>\n<p><span style=\"font-weight: 400;\">Na mecie, na wszystkich, kt\u00f3rzy uko\u0144cz\u0105 bieg i marsz b\u0119d\u0105 czeka\u0142y pami\u0105tkowe medale.<\/span><\/p>\n<p><b>Bieg 5 MIL:<\/b><\/p>\n<p><span style=\"font-weight: 400;\">Limit uczestnik\u00f3w: 600 os\u00f3b, limit czasu: 70 minut, op\u0142ata startowa: 59 z\u0142, pakiet: numer startowy, koszulka techniczna, medal i woda na mecie<\/span><\/p>\n<p><b>Marsz 2 MILE:<\/b><\/p>\n<p><span style=\"font-weight: 400;\">Limit uczestnik\u00f3w: 100 os\u00f3b, limit czasu: 50 minut, op\u0142ata startowa: brak, pakiet: numer startowy, medal i woda na mecie.<\/span><\/p>\n<p>&nbsp;<\/p>\n<p style=\"text-align: center;\"><strong>Start zapis\u00f3w: <span style=\"text-decoration: underline;\">19 wrze\u015bnia, 19:00<\/span><\/strong><\/p>\n<p style=\"text-align: center;\">\n\n\n<p class=\"has-text-align-center\"><strong>Po szczeg\u00f3\u0142owe informacje zapraszamy do REGULAMIN\u00d3W wydarze\u0144.<\/strong><\/p>\n\n\n\n<h3 class=\"wp-block-heading has-text-align-center\"><strong>Zapraszamy do zapis\u00f3w!<\/strong><\/h3>\n\n\n\n<figure class=\"wp-block-image aligncenter size-large\"><img loading=\"lazy\" decoding=\"async\" width=\"1024\" height=\"172\" src=\"http:\/\/bieg_dzielnicy_wlochy.time-sport.pl\/wp-content\/uploads\/2024\/09\/Banner_BiegDzielnicyWlochy-1024x172.png\" alt=\"\" class=\"wp-image-31\" srcset=\"http:\/\/bieg_dzielnicy_wlochy.time-sport.pl\/wp-content\/uploads\/2024\/09\/Banner_BiegDzielnicyWlochy-1024x172.png 1024w, http:\/\/bieg_dzielnicy_wlochy.time-sport.pl\/wp-content\/uploads\/2024\/09\/Banner_BiegDzielnicyWlochy-300x50.png 300w, http:\/\/bieg_dzielnicy_wlochy.time-sport.pl\/wp-content\/uploads\/2024\/09\/Banner_BiegDzielnicyWlochy-768x129.png 768w, http:\/\/bieg_dzielnicy_wlochy.time-sport.pl\/wp-content\/uploads\/2024\/09\/Banner_BiegDzielnicyWlochy.png 1200w\" sizes=\"auto, (max-width: 1024px) 100vw, 1024px\" \/><\/figure>\n","protected":false},"excerpt":{"rendered":"<p>Bieg &#8222;5 MIL. Bieg Dzielnicy W\u0142ochy&#8221; wystartuje ju\u017c 19 pa\u017adziernika! Rada i Zarz\u0105d Dzielnicy W\u0142ochy zapraszaj\u0105 na bieg \u201e5 MIL. Bieg Dzielnicy W\u0142ochy\u201d, kt\u00f3ry odb\u0119dzie si\u0119 19 pa\u017adziernika 2025. Ju\u017c po raz 5 pi\u0105ty uczestnicy wystartuj\u0105 na nietypowym, 5-milowym dystansie,<\/p>\n","protected":false},"author":1,"featured_media":0,"parent":0,"menu_order":0,"comment_status":"closed","ping_status":"closed","template":"","meta":{"footnotes":""},"class_list":["post-53","page","type-page","status-publish","hentry"],"_links":{"self":[{"href":"http:\/\/bieg_dzielnicy_wlochy.time-sport.pl\/index.php?rest_route=\/wp\/v2\/pages\/53","targetHints":{"allow":["GET"]}}],"collection":[{"href":"http:\/\/bieg_dzielnicy_wlochy.time-sport.pl\/index.php?rest_route=\/wp\/v2\/pages"}],"about":[{"href":"http:\/\/bieg_dzielnicy_wlochy.time-sport.pl\/index.php?rest_route=\/wp\/v2\/types\/page"}],"author":[{"embeddable":true,"href":"http:\/\/bieg_dzielnicy_wlochy.time-sport.pl\/index.php?rest_route=\/wp\/v2\/users\/1"}],"replies":[{"embeddable":true,"href":"http:\/\/bieg_dzielnicy_wlochy.time-sport.pl\/index.php?rest_route=%2Fwp%2Fv2%2Fcomments&post=53"}],"version-history":[{"count":14,"href":"http:\/\/bieg_dzielnicy_wlochy.time-sport.pl\/index.php?rest_route=\/wp\/v2\/pages\/53\/revisions"}],"predecessor-version":[{"id":103,"href":"http:\/\/bieg_dzielnicy_wlochy.time-sport.pl\/index.php?rest_route=\/wp\/v2\/pages\/53\/revisions\/103"}],"wp:attachment":[{"href":"http:\/\/bieg_dzielnicy_wlochy.time-sport.pl\/index.php?rest_route=%2Fwp%2Fv2%2Fmedia&parent=53"}],"curies":[{"name":"wp","href":"https:\/\/api.w.org\/{rel}","templated":true}]}}